{"id":31,"date":"2022-04-07T04:49:30","date_gmt":"2022-04-07T04:49:30","guid":{"rendered":"https:\/\/www.carpathiapensii.ro\/?page_id=31"},"modified":"2024-04-17T10:08:30","modified_gmt":"2024-04-17T08:08:30","slug":"drepturi-si-obligatii","status":"publish","type":"page","link":"https:\/\/www.carpathiapensii.ro\/index.php\/pensia-pilon-ii\/drepturi-si-obligatii\/","title":{"rendered":"Drepturi \u0219i obliga\u021bii"},"content":{"rendered":"\t\t<div data-elementor-type=\"wp-page\" data-elementor-id=\"31\" class=\"elementor elementor-31\" data-elementor-post-type=\"page\">\n\t\t\t\t\t\t<section class=\"elementor-section elementor-top-section elementor-element elementor-element-74736d23 elementor-section-boxed elementor-section-height-default elementor-section-height-default\" data-id=\"74736d23\" data-element_type=\"section\" data-e-type=\"section\" data-settings=\"{&quot;background_background&quot;:&quot;classic&quot;}\">\n\t\t\t\t\t\t<div class=\"elementor-container elementor-column-gap-default\">\n\t\t\t\t\t<div class=\"elementor-column elementor-col-100 elementor-top-column elementor-element elementor-element-2400da55\" data-id=\"2400da55\" data-element_type=\"column\" data-e-type=\"column\">\n\t\t\t<div class=\"elementor-widget-wrap elementor-element-populated\">\n\t\t\t\t\t\t<div class=\"elementor-element elementor-element-7838a79c elementor-widget elementor-widget-heading\" data-id=\"7838a79c\" data-element_type=\"widget\" data-e-type=\"widget\" data-widget_type=\"heading.default\">\n\t\t\t\t<div class=\"elementor-widget-container\">\n\t\t\t\t\t<h2 class=\"elementor-heading-title elementor-size-default\">Drepturi \u0219i obliga\u021bii\n<\/h2>\t\t\t\t<\/div>\n\t\t\t\t<\/div>\n\t\t\t\t\t<\/div>\n\t\t<\/div>\n\t\t\t\t\t<\/div>\n\t\t<\/section>\n\t\t\t\t<section class=\"elementor-section elementor-top-section elementor-element elementor-element-4d2f6714 elementor-section-boxed elementor-section-height-default elementor-section-height-default\" data-id=\"4d2f6714\" data-element_type=\"section\" data-e-type=\"section\">\n\t\t\t\t\t\t<div class=\"elementor-container elementor-column-gap-default\">\n\t\t\t\t\t<div class=\"elementor-column elementor-col-33 elementor-top-column elementor-element elementor-element-6ad42e7a elementor-hidden-mobile\" data-id=\"6ad42e7a\" data-element_type=\"column\" data-e-type=\"column\">\n\t\t\t<div class=\"elementor-widget-wrap elementor-element-populated\">\n\t\t\t\t\t\t<section class=\"elementor-section elementor-inner-section elementor-element elementor-element-c9c8be2 elementor-section-boxed elementor-section-height-default elementor-section-height-default\" data-id=\"c9c8be2\" data-element_type=\"section\" data-e-type=\"section\">\n\t\t\t\t\t\t<div class=\"elementor-container elementor-column-gap-default\">\n\t\t\t\t\t<div class=\"elementor-column elementor-col-100 elementor-inner-column elementor-element elementor-element-85ef354\" data-id=\"85ef354\" data-element_type=\"column\" data-e-type=\"column\">\n\t\t\t<div class=\"elementor-widget-wrap elementor-element-populated\">\n\t\t\t\t\t\t<div class=\"elementor-element elementor-element-2973aac button-2 elementor-widget elementor-widget-button\" data-id=\"2973aac\" data-element_type=\"widget\" data-e-type=\"widget\" data-widget_type=\"button.default\">\n\t\t\t\t<div class=\"elementor-widget-container\">\n\t\t\t\t\t\t\t\t\t<div class=\"elementor-button-wrapper\">\n\t\t\t\t\t<a class=\"elementor-button elementor-button-link elementor-size-sm\" href=\"#\">\n\t\t\t\t\t\t<span class=\"elementor-button-content-wrapper\">\n\t\t\t\t\t\t<span class=\"elementor-button-icon\">\n\t\t\t\t<i aria-hidden=\"true\" class=\"fas fa-angle-left\"><\/i>\t\t\t<\/span>\n\t\t\t\t\t\t\t\t\t<span class=\"elementor-button-text\">Pensia Pilon II<\/span>\n\t\t\t\t\t<\/span>\n\t\t\t\t\t<\/a>\n\t\t\t\t<\/div>\n\t\t\t\t\t\t\t\t<\/div>\n\t\t\t\t<\/div>\n\t\t\t\t<div class=\"elementor-element elementor-element-d859f8e button-2 elementor-widget elementor-widget-button\" data-id=\"d859f8e\" data-element_type=\"widget\" data-e-type=\"widget\" data-widget_type=\"button.default\">\n\t\t\t\t<div class=\"elementor-widget-container\">\n\t\t\t\t\t\t\t\t\t<div class=\"elementor-button-wrapper\">\n\t\t\t\t\t<a class=\"elementor-button elementor-button-link elementor-size-sm\" href=\"https:\/\/www.carpathiapensii.ro\/index.php\/pensia-pilon-ii\/despre-pensia-privata-vital\/\">\n\t\t\t\t\t\t<span class=\"elementor-button-content-wrapper\">\n\t\t\t\t\t\t\t\t\t<span class=\"elementor-button-text\"> Despre Pensia Pilon II<\/span>\n\t\t\t\t\t<\/span>\n\t\t\t\t\t<\/a>\n\t\t\t\t<\/div>\n\t\t\t\t\t\t\t\t<\/div>\n\t\t\t\t<\/div>\n\t\t\t\t<div class=\"elementor-element elementor-element-62b4832 button-2 elementor-widget elementor-widget-button\" data-id=\"62b4832\" data-element_type=\"widget\" data-e-type=\"widget\" data-widget_type=\"button.default\">\n\t\t\t\t<div class=\"elementor-widget-container\">\n\t\t\t\t\t\t\t\t\t<div class=\"elementor-button-wrapper\">\n\t\t\t\t\t<a class=\"elementor-button elementor-button-link elementor-size-sm\" href=\"https:\/\/www.carpathiapensii.ro\/index.php\/pensia-pilon-ii\/drepturi-si-obligatii\/\">\n\t\t\t\t\t\t<span class=\"elementor-button-content-wrapper\">\n\t\t\t\t\t\t\t\t\t<span class=\"elementor-button-text\">Drepturi \u0219i obliga\u021bii<\/span>\n\t\t\t\t\t<\/span>\n\t\t\t\t\t<\/a>\n\t\t\t\t<\/div>\n\t\t\t\t\t\t\t\t<\/div>\n\t\t\t\t<\/div>\n\t\t\t\t<div class=\"elementor-element elementor-element-8efa466 button-2 elementor-widget elementor-widget-button\" data-id=\"8efa466\" data-element_type=\"widget\" data-e-type=\"widget\" data-widget_type=\"button.default\">\n\t\t\t\t<div class=\"elementor-widget-container\">\n\t\t\t\t\t\t\t\t\t<div class=\"elementor-button-wrapper\">\n\t\t\t\t\t<a class=\"elementor-button elementor-button-link elementor-size-sm\" href=\"https:\/\/www.carpathiapensii.ro\/index.php\/pensia-pilon-ii\/documente-legale\/\">\n\t\t\t\t\t\t<span class=\"elementor-button-content-wrapper\">\n\t\t\t\t\t\t\t\t\t<span class=\"elementor-button-text\"> Documente legale<\/span>\n\t\t\t\t\t<\/span>\n\t\t\t\t\t<\/a>\n\t\t\t\t<\/div>\n\t\t\t\t\t\t\t\t<\/div>\n\t\t\t\t<\/div>\n\t\t\t\t<div class=\"elementor-element elementor-element-e67f201 button-2 elementor-widget elementor-widget-button\" data-id=\"e67f201\" data-element_type=\"widget\" data-e-type=\"widget\" data-widget_type=\"button.default\">\n\t\t\t\t<div class=\"elementor-widget-container\">\n\t\t\t\t\t\t\t\t\t<div class=\"elementor-button-wrapper\">\n\t\t\t\t\t<a class=\"elementor-button elementor-button-link elementor-size-sm\" href=\"https:\/\/www.carpathiapensii.ro\/index.php\/pensia-pilon-ii\/proceduri-si-formulare\/\">\n\t\t\t\t\t\t<span class=\"elementor-button-content-wrapper\">\n\t\t\t\t\t\t\t\t\t<span class=\"elementor-button-text\">Proceduri \u0219i formulare<\/span>\n\t\t\t\t\t<\/span>\n\t\t\t\t\t<\/a>\n\t\t\t\t<\/div>\n\t\t\t\t\t\t\t\t<\/div>\n\t\t\t\t<\/div>\n\t\t\t\t\t<\/div>\n\t\t<\/div>\n\t\t\t\t\t<\/div>\n\t\t<\/section>\n\t\t\t\t\t<\/div>\n\t\t<\/div>\n\t\t\t\t<div class=\"elementor-column elementor-col-33 elementor-top-column elementor-element elementor-element-2833deaa\" data-id=\"2833deaa\" data-element_type=\"column\" data-e-type=\"column\">\n\t\t\t<div class=\"elementor-widget-wrap elementor-element-populated\">\n\t\t\t\t\t\t<div class=\"elementor-element elementor-element-686ae9bb elementor-widget elementor-widget-text-editor\" data-id=\"686ae9bb\" data-element_type=\"widget\" data-e-type=\"widget\" data-widget_type=\"text-editor.default\">\n\t\t\t\t<div class=\"elementor-widget-container\">\n\t\t\t\t\t\t\t\t\t<div>\n<div>\n<div>\n<div>\n<div>\n<div>\n\nAfl\u0103 cum po\u021bi deveni membru al fondului VITAL, care sunt drepturile \u0219i obliga\u021biile tale \u00een calitate de participant la fond.\n\n<\/div>\n<\/div>\n<div>\n<div>\n<div>\n<div>\n<h2>Cum pot deveni membru al fondului VITAL?<\/h2>\n\u00ce\u021bi prezent\u0103m condi\u021biile pe care va trebui s\u0103 le \u00eendepline\u0219ti potrivit legisla\u021biei \u00een vigoare pentru a putea beneficia de pensie privat\u0103, fiind participant la Fondul VITAL.\n\nPot deveni participan\u021bi ai Fondului VITAL urm\u0103toarele categorii de persoane care contribuie la sistemul public de pensii:\n<ul>\n \t<li>persoanele ce desf\u0103\u0219oar\u0103 activit\u0103\u021bi pe baza unui contract individual de munc\u0103;<\/li>\n \t<li>func\u021bionarii publici;<\/li>\n \t<li>persoanele care \u00ee\u0219i desf\u0103\u0219oar\u0103 activitatea \u00een func\u021bii elective sau care sunt numite \u00een cadrul autorit\u0103\u021bii legislative, executive sau judec\u0103tore\u0219ti, pe toat\u0103 durata exercit\u0103rii mandatului;<\/li>\n \t<li>membrii cooperatori ai unei organiza\u021bii cooperatiste me\u0219te\u0219ug\u0103re\u0219ti;<\/li>\n \t<li>\u0219omerii care beneficiaz\u0103 de indemniza\u021bia de \u0219omaj;<\/li>\n \t<li>persoanele care se afl\u0103 \u00eentr-una din urm\u0103toarele situa\u021bii:\u00a0asociat unic, asocia\u021bi, comanditari sau ac\u021bionari;<\/li>\n \t<li>administratori sau manageri, care au \u00eencheiat un contract de administrare sau de management;<\/li>\n \t<li>membri ai unei asocia\u021bii familiale;<\/li>\n \t<li>persoanele autorizate s\u0103 desf\u0103\u0219oare activit\u0103\u021bi independente;<\/li>\n \t<li>persoanele angajate \u00een institu\u021bii interna\u021bionale, dac\u0103 nu sunt asigura\u021bii acestora;<\/li>\n \t<li>alte persoane care realizeaz\u0103 venituri din activit\u0103\u021bi profesionale;<\/li>\n \t<li>persoanele asigurate \u00een sistemul public pe baz\u0103 de contract de asigurare social\u0103 \u00een condi\u021biile legii privind sistemul public de pensii;<\/li>\n \t<li>alte persoane asigurate \u00een sistemul public de pensii, \u00een condi\u021biile legii.<\/li>\n<\/ul>\n<h2>Care sunt drepturile participantului la fondul VITAL?<\/h2>\n<ul>\n \t<li>Participantul are drept de proprietate asupra activului personal din contul s\u0103u individual la Fondul VITAL. Activul personal nu poate face obiectul unei execut\u0103ri silite sau al unei tranzac\u021bii, nu poate fi cesionat sau gajat, sub sanc\u021biunea nulit\u0103\u021bii actelor respective.<\/li>\n \t<li>Participan\u021bii au dreptul intangibil la ob\u021binerea unei pensii private, de la data \u00eentrunirii condi\u021biilor legale de pensionare, a\u0219a cum aceasta este stabilit\u0103 \u00een sistemul public de pensii, precum \u0219i de la data pension\u0103rii de invaliditate pentru afec\u021biuni care nu mai permit reluarea activit\u0103\u021bii, definite potrivit reglement\u0103rilor legale \u00een vigoare din sistemul public de pensii. Cuantumul garantat al pensiei private este cel pu\u021bin egal cu totalul contribu\u021biilor v\u0103rsate la Fondul de pensii, diminuate cu comisioanele pl\u0103tite \u00een limitele legii \u0219i cu penalit\u0103\u021bile prev\u0103zute \u00een cazul transferului la un alt fond de pensii administrat privat, \u00een condi\u021biile stabilite \u00een prospectul schemei de pensii \u0219i cu respectarea condi\u021biilor \u0219i termenelor prev\u0103zute de legisla\u021bia \u00een vigoare la data pl\u0103\u021bii, respectiv transferului.<\/li>\n \t<li>Suma total\u0103 cuvenit\u0103 pentru pensia privat\u0103 nu poate fi mai mic\u0103 dec\u00e2t valoarea contribu\u021biilor pl\u0103tite, diminuate cu penalit\u0103\u021bile de transfer \u0219i comisioanele legale.<\/li>\n \t<li>Drepturile beneficiarilor, \u00een cazul decesului participantului anterior deschiderii dreptului la pensia privat\u0103, sunt acelea\u0219i cu cele ale participan\u021bilor la fondul de pensii.<\/li>\n \t<li>Participan\u021bii au dreptul de a fi informa\u021bi de c\u0103tre Carpathia\u00a0Pensii cu privire la participarea lor la fondul VITAL.<\/li>\n \t<li>Participan\u021bii au dreptul de a-\u0219i transfera activul personal la un alt fond de pensii administrat privat. \u00cen cazul \u00een care acest transfer se solicit\u0103 mai devreme de 2 ani de la data valid\u0103rii la Fondul VITAL, participantul datoreaz\u0103 o penalitate de transfer.<\/li>\n \t<li>To\u021bi participan\u021bii la un fond de pensii au acelea\u0219i drepturi \u0219i obliga\u021bii \u0219i li se aplic\u0103 un tratament nediscriminatoriu.<\/li>\n<\/ul>\n<h2>Care sunt obliga\u021biile participantului la fondul VITAL?<\/h2>\n<ul>\n \t<li>Obliga\u021bia de a notifica Carpathia\u00a0Pensii despre deschiderea dreptului la pensie privat\u0103 \u0219i de a transmite documentele necesare.<\/li>\n \t<li>Obliga\u021bia de a accepta comisioanele \u0219i costurile prev\u0103zute \u00een<a href=\"https:\/\/www.carpathiapensii.ro\/index.php\/pensia-pilon-ii\/documente-legale\/\">\u00a0<em>Prospectul schemei de pensii<\/em><\/a>.<\/li>\n \t<li>Obliga\u021bia de a notifica Carpathia\u00a0Pensii inten\u021bia de a adera la alt fond de pensii administrat privat, cu 30 de zile calendaristice \u00eenainte de aderarea efectiv\u0103 la noul fond de pensii \u0219i de a-i trimite administratorului Carpathia\u00a0Pensii o copie de pe noul act de aderare.<\/li>\n \t<li>Participantul la fondul VITAL este obligat s\u0103 notifice \u00een scris Carpathia\u00a0Pensii \u0219i angajatorul s\u0103u, dup\u0103 caz, orice modificare referitoare la datele sale personale, \u00eenso\u021bite de copiile actelor doveditoare eliberate de institu\u021biile abilitate, \u00een termen de 30 de zile calendaristice de la producerea acestora.<\/li>\n<\/ul>\n<\/div>\n<\/div>\n<\/div>\n<\/div>\n<\/div>\n<\/div>\n<\/div>\n<\/div>\t\t\t\t\t\t\t\t<\/div>\n\t\t\t\t<\/div>\n\t\t\t\t\t<\/div>\n\t\t<\/div>\n\t\t\t\t<div class=\"elementor-column elementor-col-33 elementor-top-column elementor-element elementor-element-2649b595\" data-id=\"2649b595\" data-element_type=\"column\" data-e-type=\"column\">\n\t\t\t<div class=\"elementor-widget-wrap\">\n\t\t\t\t\t\t\t<\/div>\n\t\t<\/div>\n\t\t\t\t\t<\/div>\n\t\t<\/section>\n\t\t\t\t<\/div>\n\t\t","protected":false},"excerpt":{"rendered":"<p>Drepturi \u0219i obliga\u021bii Pensia Pilon II Despre Pensia Pilon II Drepturi \u0219i obliga\u021bii Documente legale Proceduri \u0219i formulare Afl\u0103 cum po\u021bi deveni membru al fondului VITAL, care sunt drepturile \u0219i obliga\u021biile tale \u00een calitate de participant la fond. Cum pot deveni membru al fondului VITAL? \u00ce\u021bi prezent\u0103m condi\u021biile pe care va trebui s\u0103 le \u00eendepline\u0219ti [&hellip;]<\/p>\n","protected":false},"author":1,"featured_media":0,"parent":27,"menu_order":0,"comment_status":"closed","ping_status":"closed","template":"elementor_header_footer","meta":{"_acf_changed":false,"footnotes":""},"class_list":["post-31","page","type-page","status-publish","hentry"],"acf":[],"yoast_head":"<!-- This site is optimized with the Yoast SEO plugin v27.5 - https:\/\/yoast.com\/product\/yoast-seo-wordpress\/ -->\n<title>Drepturi \u0219i obliga\u021bii - Carpathia Pensii<\/title>\n<meta name=\"robots\" content=\"index, follow, max-snippet:-1, max-image-preview:large, max-video-preview:-1\" \/>\n<link rel=\"canonical\" href=\"https:\/\/www.carpathiapensii.ro\/index.php\/pensia-pilon-ii\/drepturi-si-obligatii\/\" \/>\n<meta property=\"og:locale\" content=\"ro_RO\" \/>\n<meta property=\"og:type\" content=\"article\" \/>\n<meta property=\"og:title\" content=\"Drepturi \u0219i obliga\u021bii - Carpathia Pensii\" \/>\n<meta property=\"og:description\" content=\"Drepturi \u0219i obliga\u021bii Pensia Pilon II Despre Pensia Pilon II Drepturi \u0219i obliga\u021bii Documente legale Proceduri \u0219i formulare Afl\u0103 cum po\u021bi deveni membru al fondului VITAL, care sunt drepturile \u0219i obliga\u021biile tale \u00een calitate de participant la fond. Cum pot deveni membru al fondului VITAL? \u00ce\u021bi prezent\u0103m condi\u021biile pe care va trebui s\u0103 le \u00eendepline\u0219ti [&hellip;]\" \/>\n<meta property=\"og:url\" content=\"https:\/\/www.carpathiapensii.ro\/index.php\/pensia-pilon-ii\/drepturi-si-obligatii\/\" \/>\n<meta property=\"og:site_name\" content=\"Carpathia Pensii\" \/>\n<meta property=\"article:modified_time\" content=\"2024-04-17T08:08:30+00:00\" \/>\n<meta name=\"twitter:card\" content=\"summary_large_image\" \/>\n<meta name=\"twitter:label1\" content=\"Timp estimat pentru citire\" \/>\n\t<meta name=\"twitter:data1\" content=\"4 minute\" \/>\n<script type=\"application\/ld+json\" class=\"yoast-schema-graph\">{\"@context\":\"https:\\\/\\\/schema.org\",\"@graph\":[{\"@type\":\"WebPage\",\"@id\":\"https:\\\/\\\/www.carpathiapensii.ro\\\/index.php\\\/pensia-pilon-ii\\\/drepturi-si-obligatii\\\/\",\"url\":\"https:\\\/\\\/www.carpathiapensii.ro\\\/index.php\\\/pensia-pilon-ii\\\/drepturi-si-obligatii\\\/\",\"name\":\"Drepturi \u0219i obliga\u021bii - Carpathia Pensii\",\"isPartOf\":{\"@id\":\"https:\\\/\\\/www.carpathiapensii.ro\\\/#website\"},\"datePublished\":\"2022-04-07T04:49:30+00:00\",\"dateModified\":\"2024-04-17T08:08:30+00:00\",\"breadcrumb\":{\"@id\":\"https:\\\/\\\/www.carpathiapensii.ro\\\/index.php\\\/pensia-pilon-ii\\\/drepturi-si-obligatii\\\/#breadcrumb\"},\"inLanguage\":\"ro-RO\",\"potentialAction\":[{\"@type\":\"ReadAction\",\"target\":[\"https:\\\/\\\/www.carpathiapensii.ro\\\/index.php\\\/pensia-pilon-ii\\\/drepturi-si-obligatii\\\/\"]}]},{\"@type\":\"BreadcrumbList\",\"@id\":\"https:\\\/\\\/www.carpathiapensii.ro\\\/index.php\\\/pensia-pilon-ii\\\/drepturi-si-obligatii\\\/#breadcrumb\",\"itemListElement\":[{\"@type\":\"ListItem\",\"position\":1,\"name\":\"Home\",\"item\":\"https:\\\/\\\/www.carpathiapensii.ro\\\/\"},{\"@type\":\"ListItem\",\"position\":2,\"name\":\"Pensia Pilon II\",\"item\":\"https:\\\/\\\/www.carpathiapensii.ro\\\/index.php\\\/pensia-pilon-ii\\\/\"},{\"@type\":\"ListItem\",\"position\":3,\"name\":\"Drepturi \u0219i obliga\u021bii\"}]},{\"@type\":\"WebSite\",\"@id\":\"https:\\\/\\\/www.carpathiapensii.ro\\\/#website\",\"url\":\"https:\\\/\\\/www.carpathiapensii.ro\\\/\",\"name\":\"Carpathia Pensii\",\"description\":\"\",\"publisher\":{\"@id\":\"https:\\\/\\\/www.carpathiapensii.ro\\\/#organization\"},\"potentialAction\":[{\"@type\":\"SearchAction\",\"target\":{\"@type\":\"EntryPoint\",\"urlTemplate\":\"https:\\\/\\\/www.carpathiapensii.ro\\\/?s={search_term_string}\"},\"query-input\":{\"@type\":\"PropertyValueSpecification\",\"valueRequired\":true,\"valueName\":\"search_term_string\"}}],\"inLanguage\":\"ro-RO\"},{\"@type\":\"Organization\",\"@id\":\"https:\\\/\\\/www.carpathiapensii.ro\\\/#organization\",\"name\":\"Carpathia Pensii\",\"alternateName\":\"Carpathia Pensii SAFPP SA\",\"url\":\"https:\\\/\\\/www.carpathiapensii.ro\\\/\",\"logo\":{\"@type\":\"ImageObject\",\"inLanguage\":\"ro-RO\",\"@id\":\"https:\\\/\\\/www.carpathiapensii.ro\\\/#\\\/schema\\\/logo\\\/image\\\/\",\"url\":\"https:\\\/\\\/www.carpathiapensii.ro\\\/wp-content\\\/uploads\\\/_misc\\\/logo_CARPATHIA-PENSII-01-1.jpg\",\"contentUrl\":\"https:\\\/\\\/www.carpathiapensii.ro\\\/wp-content\\\/uploads\\\/_misc\\\/logo_CARPATHIA-PENSII-01-1.jpg\",\"width\":1182,\"height\":591,\"caption\":\"Carpathia Pensii\"},\"image\":{\"@id\":\"https:\\\/\\\/www.carpathiapensii.ro\\\/#\\\/schema\\\/logo\\\/image\\\/\"}}]}<\/script>\n<!-- \/ Yoast SEO plugin. -->","yoast_head_json":{"title":"Drepturi \u0219i obliga\u021bii - Carpathia Pensii","robots":{"index":"index","follow":"follow","max-snippet":"max-snippet:-1","max-image-preview":"max-image-preview:large","max-video-preview":"max-video-preview:-1"},"canonical":"https:\/\/www.carpathiapensii.ro\/index.php\/pensia-pilon-ii\/drepturi-si-obligatii\/","og_locale":"ro_RO","og_type":"article","og_title":"Drepturi \u0219i obliga\u021bii - Carpathia Pensii","og_description":"Drepturi \u0219i obliga\u021bii Pensia Pilon II Despre Pensia Pilon II Drepturi \u0219i obliga\u021bii Documente legale Proceduri \u0219i formulare Afl\u0103 cum po\u021bi deveni membru al fondului VITAL, care sunt drepturile \u0219i obliga\u021biile tale \u00een calitate de participant la fond. Cum pot deveni membru al fondului VITAL? \u00ce\u021bi prezent\u0103m condi\u021biile pe care va trebui s\u0103 le \u00eendepline\u0219ti [&hellip;]","og_url":"https:\/\/www.carpathiapensii.ro\/index.php\/pensia-pilon-ii\/drepturi-si-obligatii\/","og_site_name":"Carpathia Pensii","article_modified_time":"2024-04-17T08:08:30+00:00","twitter_card":"summary_large_image","twitter_misc":{"Timp estimat pentru citire":"4 minute"},"schema":{"@context":"https:\/\/schema.org","@graph":[{"@type":"WebPage","@id":"https:\/\/www.carpathiapensii.ro\/index.php\/pensia-pilon-ii\/drepturi-si-obligatii\/","url":"https:\/\/www.carpathiapensii.ro\/index.php\/pensia-pilon-ii\/drepturi-si-obligatii\/","name":"Drepturi \u0219i obliga\u021bii - Carpathia Pensii","isPartOf":{"@id":"https:\/\/www.carpathiapensii.ro\/#website"},"datePublished":"2022-04-07T04:49:30+00:00","dateModified":"2024-04-17T08:08:30+00:00","breadcrumb":{"@id":"https:\/\/www.carpathiapensii.ro\/index.php\/pensia-pilon-ii\/drepturi-si-obligatii\/#breadcrumb"},"inLanguage":"ro-RO","potentialAction":[{"@type":"ReadAction","target":["https:\/\/www.carpathiapensii.ro\/index.php\/pensia-pilon-ii\/drepturi-si-obligatii\/"]}]},{"@type":"BreadcrumbList","@id":"https:\/\/www.carpathiapensii.ro\/index.php\/pensia-pilon-ii\/drepturi-si-obligatii\/#breadcrumb","itemListElement":[{"@type":"ListItem","position":1,"name":"Home","item":"https:\/\/www.carpathiapensii.ro\/"},{"@type":"ListItem","position":2,"name":"Pensia Pilon II","item":"https:\/\/www.carpathiapensii.ro\/index.php\/pensia-pilon-ii\/"},{"@type":"ListItem","position":3,"name":"Drepturi \u0219i obliga\u021bii"}]},{"@type":"WebSite","@id":"https:\/\/www.carpathiapensii.ro\/#website","url":"https:\/\/www.carpathiapensii.ro\/","name":"Carpathia Pensii","description":"","publisher":{"@id":"https:\/\/www.carpathiapensii.ro\/#organization"},"potentialAction":[{"@type":"SearchAction","target":{"@type":"EntryPoint","urlTemplate":"https:\/\/www.carpathiapensii.ro\/?s={search_term_string}"},"query-input":{"@type":"PropertyValueSpecification","valueRequired":true,"valueName":"search_term_string"}}],"inLanguage":"ro-RO"},{"@type":"Organization","@id":"https:\/\/www.carpathiapensii.ro\/#organization","name":"Carpathia Pensii","alternateName":"Carpathia Pensii SAFPP SA","url":"https:\/\/www.carpathiapensii.ro\/","logo":{"@type":"ImageObject","inLanguage":"ro-RO","@id":"https:\/\/www.carpathiapensii.ro\/#\/schema\/logo\/image\/","url":"https:\/\/www.carpathiapensii.ro\/wp-content\/uploads\/_misc\/logo_CARPATHIA-PENSII-01-1.jpg","contentUrl":"https:\/\/www.carpathiapensii.ro\/wp-content\/uploads\/_misc\/logo_CARPATHIA-PENSII-01-1.jpg","width":1182,"height":591,"caption":"Carpathia Pensii"},"image":{"@id":"https:\/\/www.carpathiapensii.ro\/#\/schema\/logo\/image\/"}}]}},"_links":{"self":[{"href":"https:\/\/www.carpathiapensii.ro\/index.php\/wp-json\/wp\/v2\/pages\/31","targetHints":{"allow":["GET"]}}],"collection":[{"href":"https:\/\/www.carpathiapensii.ro\/index.php\/wp-json\/wp\/v2\/pages"}],"about":[{"href":"https:\/\/www.carpathiapensii.ro\/index.php\/wp-json\/wp\/v2\/types\/page"}],"author":[{"embeddable":true,"href":"https:\/\/www.carpathiapensii.ro\/index.php\/wp-json\/wp\/v2\/users\/1"}],"replies":[{"embeddable":true,"href":"https:\/\/www.carpathiapensii.ro\/index.php\/wp-json\/wp\/v2\/comments?post=31"}],"version-history":[{"count":110,"href":"https:\/\/www.carpathiapensii.ro\/index.php\/wp-json\/wp\/v2\/pages\/31\/revisions"}],"predecessor-version":[{"id":14166,"href":"https:\/\/www.carpathiapensii.ro\/index.php\/wp-json\/wp\/v2\/pages\/31\/revisions\/14166"}],"up":[{"embeddable":true,"href":"https:\/\/www.carpathiapensii.ro\/index.php\/wp-json\/wp\/v2\/pages\/27"}],"wp:attachment":[{"href":"https:\/\/www.carpathiapensii.ro\/index.php\/wp-json\/wp\/v2\/media?parent=31"}],"curies":[{"name":"wp","href":"https:\/\/api.w.org\/{rel}","templated":true}]}}