{"id":9432,"date":"2023-12-20T01:25:06","date_gmt":"2023-12-20T01:25:06","guid":{"rendered":"https:\/\/www.carpathiapensii.ro\/?page_id=9432"},"modified":"2026-03-20T10:43:23","modified_gmt":"2026-03-20T08:43:23","slug":"avertizor-integritate","status":"publish","type":"page","link":"https:\/\/www.carpathiapensii.ro\/index.php\/avertizor-integritate\/","title":{"rendered":"Avertizor integritate"},"content":{"rendered":"\t\t<div data-elementor-type=\"wp-page\" data-elementor-id=\"9432\" class=\"elementor elementor-9432\" data-elementor-post-type=\"page\">\n\t\t\t\t\t\t<section class=\"elementor-section elementor-top-section elementor-element elementor-element-66379b0e elementor-section-boxed elementor-section-height-default elementor-section-height-default\" data-id=\"66379b0e\" data-element_type=\"section\" data-e-type=\"section\" data-settings=\"{&quot;background_background&quot;:&quot;classic&quot;}\">\n\t\t\t\t\t\t<div class=\"elementor-container elementor-column-gap-default\">\n\t\t\t\t\t<div class=\"elementor-column elementor-col-100 elementor-top-column elementor-element elementor-element-d47da2c\" data-id=\"d47da2c\" data-element_type=\"column\" data-e-type=\"column\">\n\t\t\t<div class=\"elementor-widget-wrap elementor-element-populated\">\n\t\t\t\t\t\t<div class=\"elementor-element elementor-element-3a872e40 elementor-widget elementor-widget-heading\" data-id=\"3a872e40\" data-element_type=\"widget\" data-e-type=\"widget\" data-widget_type=\"heading.default\">\n\t\t\t\t<div class=\"elementor-widget-container\">\n\t\t\t\t\t<h2 class=\"elementor-heading-title elementor-size-default\">Avertizor integritate<\/h2>\t\t\t\t<\/div>\n\t\t\t\t<\/div>\n\t\t\t\t\t<\/div>\n\t\t<\/div>\n\t\t\t\t\t<\/div>\n\t\t<\/section>\n\t\t\t\t<section class=\"elementor-section elementor-top-section elementor-element elementor-element-5c8d86a8 elementor-section-boxed elementor-section-height-default elementor-section-height-default\" data-id=\"5c8d86a8\" data-element_type=\"section\" data-e-type=\"section\">\n\t\t\t\t\t\t<div class=\"elementor-container elementor-column-gap-default\">\n\t\t\t\t\t<div class=\"elementor-column elementor-col-33 elementor-top-column elementor-element elementor-element-76f7b09d elementor-hidden-mobile\" data-id=\"76f7b09d\" data-element_type=\"column\" data-e-type=\"column\">\n\t\t\t<div class=\"elementor-widget-wrap elementor-element-populated\">\n\t\t\t\t\t\t<div class=\"elementor-element elementor-element-7128099e button-2 elementor-widget elementor-widget-button\" data-id=\"7128099e\" data-element_type=\"widget\" data-e-type=\"widget\" data-widget_type=\"button.default\">\n\t\t\t\t<div class=\"elementor-widget-container\">\n\t\t\t\t\t\t\t\t\t<div class=\"elementor-button-wrapper\">\n\t\t\t\t\t<a class=\"elementor-button elementor-button-link elementor-size-sm\" href=\"https:\/\/www.carpathiapensii.ro\/\">\n\t\t\t\t\t\t<span class=\"elementor-button-content-wrapper\">\n\t\t\t\t\t\t<span class=\"elementor-button-icon\">\n\t\t\t\t<i aria-hidden=\"true\" class=\"fas fa-angle-left\"><\/i>\t\t\t<\/span>\n\t\t\t\t\t\t\t\t\t<span class=\"elementor-button-text\">Acas\u0103<\/span>\n\t\t\t\t\t<\/span>\n\t\t\t\t\t<\/a>\n\t\t\t\t<\/div>\n\t\t\t\t\t\t\t\t<\/div>\n\t\t\t\t<\/div>\n\t\t\t\t\t<\/div>\n\t\t<\/div>\n\t\t\t\t<div class=\"elementor-column elementor-col-33 elementor-top-column elementor-element elementor-element-3bc709d1\" data-id=\"3bc709d1\" data-element_type=\"column\" data-e-type=\"column\">\n\t\t\t<div class=\"elementor-widget-wrap elementor-element-populated\">\n\t\t\t\t\t\t<div class=\"elementor-element elementor-element-300265a4 elementor-widget elementor-widget-text-editor\" data-id=\"300265a4\" data-element_type=\"widget\" data-e-type=\"widget\" data-widget_type=\"text-editor.default\">\n\t\t\t\t<div class=\"elementor-widget-container\">\n\t\t\t\t\t\t\t\t\t<p>Carpathia Pensii SAFPP SA se angajeaz\u0103 s\u0103-\u0219i desf\u0103\u0219oare activitatea cu respectarea celor mai \u00eenalte standarde de onestitate, responsabilitate, integritate \u0219i conduit\u0103 etic\u0103. Dac\u0103, \u00een orice moment, acest angajament nu este respectat sau pare a fi discutabil, Carpathia Pensii se va str\u0103dui s\u0103 identifice \u0219i s\u0103 remedieze aceste situa\u021bii.<\/p><p>Prin urmare, punem la dispozi\u021bia actualilor \u0219i fo\u0219tilor angaja\u021bi, membrilor structurii de conducere ai Societ\u0103\u021bii, altor persoane care au sau au avut o rela\u021bie contractual\u0103 cu Societatea, canale de avertizare, oferind oportunitatea de a ne informa despre \u00eenc\u0103lc\u0103ri\/posibile \u00eenc\u0103lc\u0103ri grave ale dispozi\u021biilor legale \u0219i\/sau de conformitate \u0219i de a ajuta la descoperirea unor astfel de cazuri.<\/p><p>Astfel, c\u00e2nd ai motive \u00eentemeiate, po\u021bi semnala preocup\u0103ri serioase privind \u00eenc\u0103lc\u0103ri grave ale legii, care privesc domenii cum ar fi: serviciile, produsele \u0219i pie\u021bele financiare; prevenirea sp\u0103l\u0103rii banilor \u0219i a finan\u021b\u0103rii terorismului; siguran\u021ba \u0219i conformitatea produselor; siguran\u021ba transportului; protec\u021bia mediului; protec\u021bia radiologica \u0219i siguran\u021b\u0103 nuclear\u0103; siguran\u021b\u0103 alimentelor \u0219i a hranei pentru animale, s\u0103n\u0103tatea \u0219i bun\u0103starea animalelor; s\u0103n\u0103tatea public\u0103; protec\u021bia consumatorilor; protec\u021bia vie\u021bii private \u0219i a datelor cu caracter personal \u0219i a securit\u0103\u021bii re\u021belelor \u0219i sistemelor informatice; achizi\u021biile publice; lupta \u00eempotriv\u0103 fraudei, corup\u021biei \u0219i a altor activit\u0103\u021bi care afecteaz\u0103 interesele financiare ale Uniunii Europene; legisla\u021bia Uniunii Europene privind concuren\u021ba \u0219i ajutorul de stat; regulile pie\u021bei interne privind impozitarea societ\u0103\u021bilor sau mecanismele al c\u0103ror scop este ob\u021binerea unui avantaj fiscal ce contravine obiectului sau scopului dreptului aplicabil \u00een materie de impozitare a societ\u0103\u021bilor; regulile pie\u021bei interne privind libera circula\u021bie a m\u0103rfurilor, persoanelor, serviciilor \u0219i capitalurilor.<\/p><p>Raportul t\u0103u va fi procesat \u00een strict\u0103 conformitate cu reglement\u0103rile existente privind protec\u021bia confiden\u021bialit\u0103\u021bii \u0219i a datelor cu caracter personal. E\u0219ti liber s\u0103 trimi\u021bi raportul furniz\u00e2nd datele tale de contact sau \u00een mod anonim.<\/p><p>Pentru a furniza un raport de calitate, te rug\u0103m s\u0103 te asiguri c\u0103 \u00een descrierea incidentului ai r\u0103spuns la urm\u0103toarele \u00eentreb\u0103ri, bine\u00een\u021beles, \u00een m\u0103sura \u00een care le cuno\u0219ti:<\/p><ul><li>Ce vrei sa raportezi?<\/li><li>Care sunt circumstan\u021bele exacte?<\/li><li>C\u00e2nd sau \u00een ce perioad\u0103 de timp a avut loc incidentul?<\/li><li>Cine sunt\/au fost persoanele implicate?<\/li><li>Cine \u0219tie despre incident?<\/li><li>Care departamente sunt afectate?<\/li><\/ul><p>Te \u00eencuraj\u0103m s\u0103 transmi\u021bi raportul t\u0103u, f\u0103r\u0103 team\u0103 de represalii de orice natur\u0103, utiliz\u00e2nd unul dintre canalele confiden\u021biale de raportare dup\u0103 cum urmeaz\u0103:<\/p><ul><li>E-mail: <a href=\"mailto:incident-integritate@carpathiapensii.ro\">incident-integritate@carpathiapensii.ro<\/a><\/li><li>Adresa: Str. Avram Iancu, nr. 506-508, etaj 4 \u0219i 3 (zona 1), 407280, Flore\u0219ti, Cluj, Rom\u00e2nia. Raport\u0103rile trimise prin po\u0219t\u0103 vor fi introduse \u00eentr-un plic sigilat, marcat de c\u0103tre avertizori cu men\u021biunea \u201eConfiden\u021bial\u201d. Acest plic va fi introdus \u00een alt plic pe care se va scrie adresa mai sus men\u021bionat\u0103, precum \u0219i \u201e\u00een aten\u021bia persoanei desemnate \u2013 control intern\u201d.<\/li><\/ul><ul><li><a href=\"https:\/\/www.carpathiapensii.ro\/index.php\/avertizor-integritate\/avertizor-integritate-form\/\">Formular online anonim<\/a><\/li><\/ul><p><em>!<strong>ATEN\u021aIE:<\/strong><\/em> <em>Persoana care raporteaz\u0103 \u00eenc\u0103lc\u0103ri ale legii \u00een mod anonim nu poate fi \u00een\u0219tiin\u021bat\u0103 cu privire la \u00eenregistrarea raport\u0103rii, progresul \u00eenregistrat \u0219i modalitatea de solu\u021bionare<\/em><strong><em>.<\/em><\/strong><\/p><p><em>Raport\u0103rile informa\u021biilor privind \u00eenc\u0103lc\u0103ri ale legii, cunosc\u00e2nd c\u0103 acestea sunt nereale, constituie contraven\u021bie \u0219i se sanc\u021bioneaz\u0103 cu amend\u0103, dac\u0103 fapta nu a fost s\u0103v\u00e2r\u0219it\u0103 \u00een astfel de condi\u021bii \u00eenc\u00e2t s\u0103 fie considerat\u0103, potrivit legii, infrac\u021biune<\/em><strong><em>.<\/em><\/strong><\/p>\t\t\t\t\t\t\t\t<\/div>\n\t\t\t\t<\/div>\n\t\t\t\t\t<\/div>\n\t\t<\/div>\n\t\t\t\t<div class=\"elementor-column elementor-col-33 elementor-top-column elementor-element elementor-element-6c746f8f\" data-id=\"6c746f8f\" data-element_type=\"column\" data-e-type=\"column\">\n\t\t\t<div class=\"elementor-widget-wrap\">\n\t\t\t\t\t\t\t<\/div>\n\t\t<\/div>\n\t\t\t\t\t<\/div>\n\t\t<\/section>\n\t\t\t\t<\/div>\n\t\t","protected":false},"excerpt":{"rendered":"<p>Avertizor integritate Acas\u0103 Carpathia Pensii SAFPP SA se angajeaz\u0103 s\u0103-\u0219i desf\u0103\u0219oare activitatea cu respectarea celor mai \u00eenalte standarde de onestitate, responsabilitate, integritate \u0219i conduit\u0103 etic\u0103. Dac\u0103, \u00een orice moment, acest angajament nu este respectat sau pare a fi discutabil, Carpathia Pensii se va str\u0103dui s\u0103 identifice \u0219i s\u0103 remedieze aceste situa\u021bii. Prin urmare, punem la [&hellip;]<\/p>\n","protected":false},"author":4,"featured_media":0,"parent":0,"menu_order":0,"comment_status":"closed","ping_status":"closed","template":"elementor_header_footer","meta":{"_acf_changed":false,"footnotes":""},"class_list":["post-9432","page","type-page","status-publish","hentry"],"acf":[],"yoast_head":"<!-- This site is optimized with the Yoast SEO plugin v27.3 - https:\/\/yoast.com\/product\/yoast-seo-wordpress\/ -->\n<title>Avertizor integritate - Carpathia Pensii<\/title>\n<meta name=\"robots\" content=\"index, follow, max-snippet:-1, max-image-preview:large, max-video-preview:-1\" \/>\n<link rel=\"canonical\" href=\"https:\/\/www.carpathiapensii.ro\/index.php\/avertizor-integritate\/\" \/>\n<meta property=\"og:locale\" content=\"ro_RO\" \/>\n<meta property=\"og:type\" content=\"article\" \/>\n<meta property=\"og:title\" content=\"Avertizor integritate - Carpathia Pensii\" \/>\n<meta property=\"og:description\" content=\"Avertizor integritate Acas\u0103 Carpathia Pensii SAFPP SA se angajeaz\u0103 s\u0103-\u0219i desf\u0103\u0219oare activitatea cu respectarea celor mai \u00eenalte standarde de onestitate, responsabilitate, integritate \u0219i conduit\u0103 etic\u0103. Dac\u0103, \u00een orice moment, acest angajament nu este respectat sau pare a fi discutabil, Carpathia Pensii se va str\u0103dui s\u0103 identifice \u0219i s\u0103 remedieze aceste situa\u021bii. Prin urmare, punem la [&hellip;]\" \/>\n<meta property=\"og:url\" content=\"https:\/\/www.carpathiapensii.ro\/index.php\/avertizor-integritate\/\" \/>\n<meta property=\"og:site_name\" content=\"Carpathia Pensii\" \/>\n<meta property=\"article:modified_time\" content=\"2026-03-20T08:43:23+00:00\" \/>\n<meta name=\"twitter:card\" content=\"summary_large_image\" \/>\n<meta name=\"twitter:label1\" content=\"Timp estimat pentru citire\" \/>\n\t<meta name=\"twitter:data1\" content=\"3 minute\" \/>\n<script type=\"application\/ld+json\" class=\"yoast-schema-graph\">{\"@context\":\"https:\\\/\\\/schema.org\",\"@graph\":[{\"@type\":\"WebPage\",\"@id\":\"https:\\\/\\\/www.carpathiapensii.ro\\\/index.php\\\/avertizor-integritate\\\/\",\"url\":\"https:\\\/\\\/www.carpathiapensii.ro\\\/index.php\\\/avertizor-integritate\\\/\",\"name\":\"Avertizor integritate - Carpathia Pensii\",\"isPartOf\":{\"@id\":\"https:\\\/\\\/www.carpathiapensii.ro\\\/#website\"},\"datePublished\":\"2023-12-20T01:25:06+00:00\",\"dateModified\":\"2026-03-20T08:43:23+00:00\",\"breadcrumb\":{\"@id\":\"https:\\\/\\\/www.carpathiapensii.ro\\\/index.php\\\/avertizor-integritate\\\/#breadcrumb\"},\"inLanguage\":\"ro-RO\",\"potentialAction\":[{\"@type\":\"ReadAction\",\"target\":[\"https:\\\/\\\/www.carpathiapensii.ro\\\/index.php\\\/avertizor-integritate\\\/\"]}]},{\"@type\":\"BreadcrumbList\",\"@id\":\"https:\\\/\\\/www.carpathiapensii.ro\\\/index.php\\\/avertizor-integritate\\\/#breadcrumb\",\"itemListElement\":[{\"@type\":\"ListItem\",\"position\":1,\"name\":\"Home\",\"item\":\"https:\\\/\\\/www.carpathiapensii.ro\\\/\"},{\"@type\":\"ListItem\",\"position\":2,\"name\":\"Avertizor integritate\"}]},{\"@type\":\"WebSite\",\"@id\":\"https:\\\/\\\/www.carpathiapensii.ro\\\/#website\",\"url\":\"https:\\\/\\\/www.carpathiapensii.ro\\\/\",\"name\":\"Carpathia Pensii\",\"description\":\"\",\"publisher\":{\"@id\":\"https:\\\/\\\/www.carpathiapensii.ro\\\/#organization\"},\"potentialAction\":[{\"@type\":\"SearchAction\",\"target\":{\"@type\":\"EntryPoint\",\"urlTemplate\":\"https:\\\/\\\/www.carpathiapensii.ro\\\/?s={search_term_string}\"},\"query-input\":{\"@type\":\"PropertyValueSpecification\",\"valueRequired\":true,\"valueName\":\"search_term_string\"}}],\"inLanguage\":\"ro-RO\"},{\"@type\":\"Organization\",\"@id\":\"https:\\\/\\\/www.carpathiapensii.ro\\\/#organization\",\"name\":\"Carpathia Pensii\",\"alternateName\":\"Carpathia Pensii SAFPP SA\",\"url\":\"https:\\\/\\\/www.carpathiapensii.ro\\\/\",\"logo\":{\"@type\":\"ImageObject\",\"inLanguage\":\"ro-RO\",\"@id\":\"https:\\\/\\\/www.carpathiapensii.ro\\\/#\\\/schema\\\/logo\\\/image\\\/\",\"url\":\"https:\\\/\\\/www.carpathiapensii.ro\\\/wp-content\\\/uploads\\\/_misc\\\/logo_CARPATHIA-PENSII-01-1.jpg\",\"contentUrl\":\"https:\\\/\\\/www.carpathiapensii.ro\\\/wp-content\\\/uploads\\\/_misc\\\/logo_CARPATHIA-PENSII-01-1.jpg\",\"width\":1182,\"height\":591,\"caption\":\"Carpathia Pensii\"},\"image\":{\"@id\":\"https:\\\/\\\/www.carpathiapensii.ro\\\/#\\\/schema\\\/logo\\\/image\\\/\"}}]}<\/script>\n<!-- \/ Yoast SEO plugin. -->","yoast_head_json":{"title":"Avertizor integritate - Carpathia Pensii","robots":{"index":"index","follow":"follow","max-snippet":"max-snippet:-1","max-image-preview":"max-image-preview:large","max-video-preview":"max-video-preview:-1"},"canonical":"https:\/\/www.carpathiapensii.ro\/index.php\/avertizor-integritate\/","og_locale":"ro_RO","og_type":"article","og_title":"Avertizor integritate - Carpathia Pensii","og_description":"Avertizor integritate Acas\u0103 Carpathia Pensii SAFPP SA se angajeaz\u0103 s\u0103-\u0219i desf\u0103\u0219oare activitatea cu respectarea celor mai \u00eenalte standarde de onestitate, responsabilitate, integritate \u0219i conduit\u0103 etic\u0103. Dac\u0103, \u00een orice moment, acest angajament nu este respectat sau pare a fi discutabil, Carpathia Pensii se va str\u0103dui s\u0103 identifice \u0219i s\u0103 remedieze aceste situa\u021bii. Prin urmare, punem la [&hellip;]","og_url":"https:\/\/www.carpathiapensii.ro\/index.php\/avertizor-integritate\/","og_site_name":"Carpathia Pensii","article_modified_time":"2026-03-20T08:43:23+00:00","twitter_card":"summary_large_image","twitter_misc":{"Timp estimat pentru citire":"3 minute"},"schema":{"@context":"https:\/\/schema.org","@graph":[{"@type":"WebPage","@id":"https:\/\/www.carpathiapensii.ro\/index.php\/avertizor-integritate\/","url":"https:\/\/www.carpathiapensii.ro\/index.php\/avertizor-integritate\/","name":"Avertizor integritate - Carpathia Pensii","isPartOf":{"@id":"https:\/\/www.carpathiapensii.ro\/#website"},"datePublished":"2023-12-20T01:25:06+00:00","dateModified":"2026-03-20T08:43:23+00:00","breadcrumb":{"@id":"https:\/\/www.carpathiapensii.ro\/index.php\/avertizor-integritate\/#breadcrumb"},"inLanguage":"ro-RO","potentialAction":[{"@type":"ReadAction","target":["https:\/\/www.carpathiapensii.ro\/index.php\/avertizor-integritate\/"]}]},{"@type":"BreadcrumbList","@id":"https:\/\/www.carpathiapensii.ro\/index.php\/avertizor-integritate\/#breadcrumb","itemListElement":[{"@type":"ListItem","position":1,"name":"Home","item":"https:\/\/www.carpathiapensii.ro\/"},{"@type":"ListItem","position":2,"name":"Avertizor integritate"}]},{"@type":"WebSite","@id":"https:\/\/www.carpathiapensii.ro\/#website","url":"https:\/\/www.carpathiapensii.ro\/","name":"Carpathia Pensii","description":"","publisher":{"@id":"https:\/\/www.carpathiapensii.ro\/#organization"},"potentialAction":[{"@type":"SearchAction","target":{"@type":"EntryPoint","urlTemplate":"https:\/\/www.carpathiapensii.ro\/?s={search_term_string}"},"query-input":{"@type":"PropertyValueSpecification","valueRequired":true,"valueName":"search_term_string"}}],"inLanguage":"ro-RO"},{"@type":"Organization","@id":"https:\/\/www.carpathiapensii.ro\/#organization","name":"Carpathia Pensii","alternateName":"Carpathia Pensii SAFPP SA","url":"https:\/\/www.carpathiapensii.ro\/","logo":{"@type":"ImageObject","inLanguage":"ro-RO","@id":"https:\/\/www.carpathiapensii.ro\/#\/schema\/logo\/image\/","url":"https:\/\/www.carpathiapensii.ro\/wp-content\/uploads\/_misc\/logo_CARPATHIA-PENSII-01-1.jpg","contentUrl":"https:\/\/www.carpathiapensii.ro\/wp-content\/uploads\/_misc\/logo_CARPATHIA-PENSII-01-1.jpg","width":1182,"height":591,"caption":"Carpathia Pensii"},"image":{"@id":"https:\/\/www.carpathiapensii.ro\/#\/schema\/logo\/image\/"}}]}},"_links":{"self":[{"href":"https:\/\/www.carpathiapensii.ro\/index.php\/wp-json\/wp\/v2\/pages\/9432","targetHints":{"allow":["GET"]}}],"collection":[{"href":"https:\/\/www.carpathiapensii.ro\/index.php\/wp-json\/wp\/v2\/pages"}],"about":[{"href":"https:\/\/www.carpathiapensii.ro\/index.php\/wp-json\/wp\/v2\/types\/page"}],"author":[{"embeddable":true,"href":"https:\/\/www.carpathiapensii.ro\/index.php\/wp-json\/wp\/v2\/users\/4"}],"replies":[{"embeddable":true,"href":"https:\/\/www.carpathiapensii.ro\/index.php\/wp-json\/wp\/v2\/comments?post=9432"}],"version-history":[{"count":46,"href":"https:\/\/www.carpathiapensii.ro\/index.php\/wp-json\/wp\/v2\/pages\/9432\/revisions"}],"predecessor-version":[{"id":14677,"href":"https:\/\/www.carpathiapensii.ro\/index.php\/wp-json\/wp\/v2\/pages\/9432\/revisions\/14677"}],"wp:attachment":[{"href":"https:\/\/www.carpathiapensii.ro\/index.php\/wp-json\/wp\/v2\/media?parent=9432"}],"curies":[{"name":"wp","href":"https:\/\/api.w.org\/{rel}","templated":true}]}}